{"id":2637,"date":"2024-01-18T16:15:26","date_gmt":"2024-01-18T15:15:26","guid":{"rendered":"https:\/\/ohmled.fr\/?post_type=product&#038;p=2637"},"modified":"2024-06-24T11:48:16","modified_gmt":"2024-06-24T09:48:16","slug":"inoxbloc-bois-2","status":"publish","type":"product","link":"https:\/\/ohmled.fr\/index.php\/produit\/inoxbloc-bois-2\/","title":{"rendered":"INOXBLOC BOIS"},"content":{"rendered":"<h4><strong>REMARQUES :\u00a0<\/strong><\/h4>\n<p>*Effet : Chant r\u00e9tro \u00e9clair\u00e9<\/p>\n<p>*Mat\u00e9riel : Inox 304 + plexiglas<\/p>\n<p>*\u00c9paisseur : 30mm<\/p>\n<p>*Hauteur : 200-1500mm<\/p>\n<h3><\/h3>\n<h4><strong>CHOIX DE COULEURS :<\/strong><\/h4>\n<p>*Chant en inox : Motif bois \/ placage | 3000k &#8211; 4000k &#8211; 6000k<\/p>\n<p>&nbsp;<\/p>\n","protected":false},"excerpt":{"rendered":"<h4><strong>INOXBLOC BOIS | Motif bois | GAMME D<\/strong><\/h4>\n<p>Lettre en boitier acier inox, ampoule, LED install\u00e9 \u00e0 l&rsquo;int\u00e9rieur, chant r\u00e9tro-\u00e9clair\u00e9, dos en bloc<\/p>\n","protected":false},"featured_media":10474,"comment_status":"open","ping_status":"closed","template":"","meta":[],"product_brand":[],"product_cat":[35],"product_tag":[],"class_list":{"0":"post-2637","1":"product","2":"type-product","3":"status-publish","4":"has-post-thumbnail","6":"product_cat-lettres-lumineuses","8":"first","9":"instock","10":"taxable","11":"shipping-taxable","12":"purchasable","13":"product-type-variable"},"_links":{"self":[{"href":"https:\/\/ohmled.fr\/index.php\/wp-json\/wp\/v2\/product\/2637","targetHints":{"allow":["GET"]}}],"collection":[{"href":"https:\/\/ohmled.fr\/index.php\/wp-json\/wp\/v2\/product"}],"about":[{"href":"https:\/\/ohmled.fr\/index.php\/wp-json\/wp\/v2\/types\/product"}],"replies":[{"embeddable":true,"href":"https:\/\/ohmled.fr\/index.php\/wp-json\/wp\/v2\/comments?post=2637"}],"wp:featuredmedia":[{"embeddable":true,"href":"https:\/\/ohmled.fr\/index.php\/wp-json\/wp\/v2\/media\/10474"}],"wp:attachment":[{"href":"https:\/\/ohmled.fr\/index.php\/wp-json\/wp\/v2\/media?parent=2637"}],"wp:term":[{"taxonomy":"product_brand","embeddable":true,"href":"https:\/\/ohmled.fr\/index.php\/wp-json\/wp\/v2\/product_brand?post=2637"},{"taxonomy":"product_cat","embeddable":true,"href":"https:\/\/ohmled.fr\/index.php\/wp-json\/wp\/v2\/product_cat?post=2637"},{"taxonomy":"product_tag","embeddable":true,"href":"https:\/\/ohmled.fr\/index.php\/wp-json\/wp\/v2\/product_tag?post=2637"}],"curies":[{"name":"wp","href":"https:\/\/api.w.org\/{rel}","templated":true}]}}