{"id":68,"date":"2024-01-02T16:56:11","date_gmt":"2024-01-02T15:56:11","guid":{"rendered":"https:\/\/ohmled.fr\/?post_type=product&#038;p=68"},"modified":"2024-06-24T14:19:19","modified_gmt":"2024-06-24T12:19:19","slug":"alutek-vision","status":"publish","type":"product","link":"https:\/\/ohmled.fr\/index.php\/produit\/alutek-vision\/","title":{"rendered":"ALUTEK VISION"},"content":{"rendered":"<h4><strong>REMARQUES :\u00a0<\/strong><\/h4>\n<p>*Effet : Face \u00e9clair\u00e9e<\/p>\n<p>*Mat\u00e9riel : Aluminium + plexiglas + plaque PVC expans\u00e9<\/p>\n<p>*\u00c9paisseur : 60mm<\/p>\n<p>*Hauteur : 100-1500mm<\/p>\n<h3><\/h3>\n<h4><strong>CHOIX DE COULEURS :<\/strong><\/h4>\n<p>*Chant en aluminium : brut ou anodis\u00e9 selon RAL CLASSIC<\/p>\n<p>*Face plexiglas<\/p>\n<p>&nbsp;<\/p>\n","protected":false},"excerpt":{"rendered":"<h4><strong>ALUTEK VISION | Face \u00e9clair\u00e9e\u00a0| GAMME A<\/strong><\/h4>\n<p>Lettre face en plexiglas, LED install\u00e9 \u00e0 l&rsquo;int\u00e9rieur, chant en aluminium<\/p>\n","protected":false},"featured_media":10445,"comment_status":"open","ping_status":"closed","template":"","meta":[],"product_brand":[],"product_cat":[35],"product_tag":[],"class_list":{"0":"post-68","1":"product","2":"type-product","3":"status-publish","4":"has-post-thumbnail","6":"product_cat-lettres-lumineuses","8":"first","9":"instock","10":"taxable","11":"shipping-taxable","12":"purchasable","13":"product-type-variable"},"_links":{"self":[{"href":"https:\/\/ohmled.fr\/index.php\/wp-json\/wp\/v2\/product\/68","targetHints":{"allow":["GET"]}}],"collection":[{"href":"https:\/\/ohmled.fr\/index.php\/wp-json\/wp\/v2\/product"}],"about":[{"href":"https:\/\/ohmled.fr\/index.php\/wp-json\/wp\/v2\/types\/product"}],"replies":[{"embeddable":true,"href":"https:\/\/ohmled.fr\/index.php\/wp-json\/wp\/v2\/comments?post=68"}],"wp:featuredmedia":[{"embeddable":true,"href":"https:\/\/ohmled.fr\/index.php\/wp-json\/wp\/v2\/media\/10445"}],"wp:attachment":[{"href":"https:\/\/ohmled.fr\/index.php\/wp-json\/wp\/v2\/media?parent=68"}],"wp:term":[{"taxonomy":"product_brand","embeddable":true,"href":"https:\/\/ohmled.fr\/index.php\/wp-json\/wp\/v2\/product_brand?post=68"},{"taxonomy":"product_cat","embeddable":true,"href":"https:\/\/ohmled.fr\/index.php\/wp-json\/wp\/v2\/product_cat?post=68"},{"taxonomy":"product_tag","embeddable":true,"href":"https:\/\/ohmled.fr\/index.php\/wp-json\/wp\/v2\/product_tag?post=68"}],"curies":[{"name":"wp","href":"https:\/\/api.w.org\/{rel}","templated":true}]}}