{"id":794,"date":"2024-01-18T11:57:05","date_gmt":"2024-01-18T10:57:05","guid":{"rendered":"https:\/\/ohmled.fr\/?post_type=product&#038;p=794"},"modified":"2024-06-24T14:13:41","modified_gmt":"2024-06-24T12:13:41","slug":"inoxtek-vision-2","status":"publish","type":"product","link":"https:\/\/ohmled.fr\/index.php\/produit\/inoxtek-vision-2\/","title":{"rendered":"INOXTEK VISION"},"content":{"rendered":"<h4><strong>REMARQUES :\u00a0<\/strong><\/h4>\n<p>*Effet : Face \u00e9clair\u00e9e<\/p>\n<p>*Mat\u00e9riel : Inox 304 + plexiglas<\/p>\n<p>*\u00c9paisseur : 60mm<\/p>\n<p>*Hauteur : 100-1500mm<\/p>\n<h3><\/h3>\n<h4><strong>CHOIX DE COULEURS :<\/strong><\/h4>\n<p>*Chant en inox : anodis\u00e9 selon RAL CLASSIC<\/p>\n<p>*Face plexiglas<\/p>\n","protected":false},"excerpt":{"rendered":"<h4><strong>INOXTEK VISION | Face \u00e9clair\u00e9e\u00a0| GAMME A<\/strong><\/h4>\n<p>Lettre face en plexiglas, LED install\u00e9 \u00e0 l&rsquo;int\u00e9rieur, chant en inox<\/p>\n","protected":false},"featured_media":73,"comment_status":"open","ping_status":"closed","template":"","meta":[],"product_brand":[],"product_cat":[35],"product_tag":[],"class_list":{"0":"post-794","1":"product","2":"type-product","3":"status-publish","4":"has-post-thumbnail","6":"product_cat-lettres-lumineuses","8":"first","9":"instock","10":"taxable","11":"shipping-taxable","12":"purchasable","13":"product-type-variable"},"_links":{"self":[{"href":"https:\/\/ohmled.fr\/index.php\/wp-json\/wp\/v2\/product\/794","targetHints":{"allow":["GET"]}}],"collection":[{"href":"https:\/\/ohmled.fr\/index.php\/wp-json\/wp\/v2\/product"}],"about":[{"href":"https:\/\/ohmled.fr\/index.php\/wp-json\/wp\/v2\/types\/product"}],"replies":[{"embeddable":true,"href":"https:\/\/ohmled.fr\/index.php\/wp-json\/wp\/v2\/comments?post=794"}],"wp:featuredmedia":[{"embeddable":true,"href":"https:\/\/ohmled.fr\/index.php\/wp-json\/wp\/v2\/media\/73"}],"wp:attachment":[{"href":"https:\/\/ohmled.fr\/index.php\/wp-json\/wp\/v2\/media?parent=794"}],"wp:term":[{"taxonomy":"product_brand","embeddable":true,"href":"https:\/\/ohmled.fr\/index.php\/wp-json\/wp\/v2\/product_brand?post=794"},{"taxonomy":"product_cat","embeddable":true,"href":"https:\/\/ohmled.fr\/index.php\/wp-json\/wp\/v2\/product_cat?post=794"},{"taxonomy":"product_tag","embeddable":true,"href":"https:\/\/ohmled.fr\/index.php\/wp-json\/wp\/v2\/product_tag?post=794"}],"curies":[{"name":"wp","href":"https:\/\/api.w.org\/{rel}","templated":true}]}}